{"id":27,"date":"2024-11-12T02:47:43","date_gmt":"2024-11-12T02:47:43","guid":{"rendered":"https:\/\/mostrafilmfestival.org\/xv\/br\/?page_id=27"},"modified":"2024-11-12T18:10:36","modified_gmt":"2024-11-12T21:10:36","slug":"contato","status":"publish","type":"page","link":"https:\/\/mostrafilmfestival.org\/xv\/br\/contato\/","title":{"rendered":"Contato"},"content":{"rendered":"\n<style type=\"text\/css\" data-created_by=\"avia_inline_auto\" id=\"style-css-av-mij3z-db585657198802fd5034c6932f0d0aab\">\n.avia-section.av-mij3z-db585657198802fd5034c6932f0d0aab .av-parallax .av-parallax-inner{\nbackground-repeat:no-repeat;\nbackground-image:url(https:\/\/mostrafilmfestival.org\/xv\/br\/wp-content\/uploads\/2024\/11\/Mostra-XV-BG-3.png);\nbackground-position:50% 50%;\nbackground-attachment:scroll;\n}\n.avia-section.av-mij3z-db585657198802fd5034c6932f0d0aab .av-section-color-overlay{\nopacity:0.1;\nbackground-color:#000000;\n}\n<\/style>\n<div id='av_section_1'  class='avia-section av-mij3z-db585657198802fd5034c6932f0d0aab main_color avia-section-large avia-no-border-styling  avia-builder-el-0  el_before_av_two_third  avia-builder-el-first  av-parallax-section avia-bg-style-parallax av-section-color-overlay-active container_wrap fullsize'  data-section-bg-repeat='no-repeat'><div class='av-parallax' data-avia-parallax-ratio='0.3' ><div class='av-parallax-inner main_color avia-full-stretch'><\/div><\/div><div class=\"av-section-color-overlay-wrap\"><div class=\"av-section-color-overlay\"><\/div><div class='container av-section-cont-open' ><main  role=\"main\" itemprop=\"mainContentOfPage\"  class='template-page content  av-content-full alpha units'><div class='post-entry post-entry-type-page post-entry-27'><div class='entry-content-wrapper clearfix'>\n\n<style type=\"text\/css\" data-created_by=\"avia_inline_auto\" id=\"style-css-av-m3duqs4e-7cec8de17b4769a873adc3d319892130\">\n#top .av-special-heading.av-m3duqs4e-7cec8de17b4769a873adc3d319892130{\npadding-bottom:10px;\ncolor:#ffffff;\nfont-size:50px;\n}\nbody .av-special-heading.av-m3duqs4e-7cec8de17b4769a873adc3d319892130 .av-special-heading-tag .heading-char{\nfont-size:25px;\n}\n#top #wrap_all .av-special-heading.av-m3duqs4e-7cec8de17b4769a873adc3d319892130 .av-special-heading-tag{\nfont-size:50px;\npadding:50px 0 0 0;\n}\n.av-special-heading.av-m3duqs4e-7cec8de17b4769a873adc3d319892130 .special-heading-inner-border{\nborder-color:#ffffff;\n}\n.av-special-heading.av-m3duqs4e-7cec8de17b4769a873adc3d319892130 .av-subheading{\nfont-size:15px;\n}\n\n@media only screen and (min-width: 480px) and (max-width: 767px){ \n#top #wrap_all .av-special-heading.av-m3duqs4e-7cec8de17b4769a873adc3d319892130 .av-special-heading-tag{\nfont-size:0.8em;\n}\n}\n\n@media only screen and (max-width: 479px){ \n#top #wrap_all .av-special-heading.av-m3duqs4e-7cec8de17b4769a873adc3d319892130 .av-special-heading-tag{\nfont-size:0.8em;\n}\n}\n<\/style>\n<div  class='av-special-heading av-m3duqs4e-7cec8de17b4769a873adc3d319892130 av-special-heading-h1 custom-color-heading blockquote modern-quote modern-centered  avia-builder-el-1  avia-builder-el-no-sibling  av-inherit-size'><h1 class='av-special-heading-tag '  itemprop=\"headline\"  >CONTATO<\/h1><div class=\"special-heading-border\"><div class=\"special-heading-inner-border\"><\/div><\/div><\/div>\n<\/div><\/div><\/main><!-- close content main element --><\/div><\/div><\/div><div id='after_section_1'  class='main_color av_default_container_wrap container_wrap fullsize'  ><div class='container av-section-cont-open' ><div class='template-page content  av-content-full alpha units'><div class='post-entry post-entry-type-page post-entry-27'><div class='entry-content-wrapper clearfix'><div  class='flex_column av-lxzoj-493e3af35cf541abb8dbabb18d72b6be av_two_third  avia-builder-el-2  el_after_av_section  el_before_av_one_third  avia-builder-el-first  first flex_column_div  '     ><p>\n<style type=\"text\/css\" data-created_by=\"avia_inline_auto\" id=\"style-css-av-ledyz-eaf4fbcde18c9dee4ef737b26cb9054e\">\n#top .av-special-heading.av-ledyz-eaf4fbcde18c9dee4ef737b26cb9054e{\npadding-bottom:20px;\n}\nbody .av-special-heading.av-ledyz-eaf4fbcde18c9dee4ef737b26cb9054e .av-special-heading-tag .heading-char{\nfont-size:25px;\n}\n.av-special-heading.av-ledyz-eaf4fbcde18c9dee4ef737b26cb9054e .av-subheading{\nfont-size:15px;\n}\n<\/style>\n<div  class='av-special-heading av-ledyz-eaf4fbcde18c9dee4ef737b26cb9054e av-special-heading-h2 blockquote modern-quote  avia-builder-el-3  el_before_av_contact  avia-builder-el-first '><h2 class='av-special-heading-tag '  itemprop=\"headline\"  >Entre em contato conosco!<\/h2><div class=\"special-heading-border\"><div class=\"special-heading-inner-border\"><\/div><\/div><\/div><br \/>\n<form action=\"https:\/\/mostrafilmfestival.org\/xv\/br\/contato\/\" method=\"post\" data-fields-with-error=\"Found errors in the following field(s):\" class=\"avia_ajax_form av-form-labels-hidden   avia-builder-el-4  el_after_av_heading  avia-builder-el-last  av-show-form-errors   \" data-avia-form-id=\"1\" data-avia-redirect='' ><fieldset><p class='  first_form  form_element form_element_half' id='element_avia_1_1'><label for=\"avia_1_1\">Nome <abbr class=\"required\" title=\"required\">*<\/abbr><\/label> <input name=\"avia_1_1\" class=\"text_input is_empty\" type=\"text\" id=\"avia_1_1\" value=\"\"  placeholder='Nome*'\/><\/p><p class='  form_element form_element_half' id='element_avia_2_1'><label for=\"avia_2_1\">E-Mail <abbr class=\"required\" title=\"required\">*<\/abbr><\/label> <input name=\"avia_2_1\" class=\"text_input is_email\" type=\"text\" id=\"avia_2_1\" value=\"\"  placeholder='E-Mail*'\/><\/p><p class='  first_form  form_element form_fullwidth' id='element_avia_3_1'><label for=\"avia_3_1\" class=\"textare_label hidden textare_label_avia_3_1\">Mensagem <abbr class=\"required\" title=\"required\">*<\/abbr><\/label><textarea  placeholder='Mensagem*' name=\"avia_3_1\" class=\"text_area is_empty\" cols=\"40\" rows=\"7\" id=\"avia_3_1\" ><\/textarea><\/p><p class=\"hidden\"><input type=\"text\" name=\"avia_4_1\" class=\"hidden \" id=\"avia_4_1\" value=\"\" \/><\/p><p class='   form_element form_fullwidth' id='element_avia_5_1'><span class='value_verifier_label'>0 + 8 = ?<\/span><input name=\"avia_5_1_verifier\" type=\"hidden\" id=\"avia_5_1_verifier\" value=\"535547218\"\/><label for=\"avia_5_1\">Please prove that you are human by solving the equation <abbr class=\"required\" title=\"required\">*<\/abbr><\/label><input name=\"avia_5_1\" class=\"text_input captcha\" type=\"text\" id=\"avia_5_1\" value=\"\"\/><\/p><p class=\"form_element \"><input type=\"hidden\" value=\"1\" name=\"avia_generated_form1\" \/><input type=\"submit\" value=\"ENVIAR\" class=\"button\"  data-sending-label=\"Sending\"\/><\/p><\/fieldset><\/form><div id=\"ajaxresponse_1\" class=\"ajaxresponse ajaxresponse_1 hidden\"><\/div><\/p><\/div>\n<style type=\"text\/css\" data-created_by=\"avia_inline_auto\" id=\"style-css-av-1udg7-11863258e30e49e9b5e45088780477cd\">\n.flex_column.av-1udg7-11863258e30e49e9b5e45088780477cd{\nborder-radius:0px 0px 0px 0px;\npadding:0px 0px 0px 0px;\n}\n<\/style>\n<div  class='flex_column av-1udg7-11863258e30e49e9b5e45088780477cd av_one_third  avia-builder-el-5  el_after_av_two_third  el_before_av_section  avia-builder-el-last  flex_column_div av-animated-generic bottom-to-top av-zero-column-padding  '     ><p><article  class='iconbox iconbox_top av-huvxb-8f155b442134b35a5202547f04ac3cda  avia-builder-el-6  el_before_av_heading  avia-builder-el-first  main_color'  itemscope=\"itemscope\" itemtype=\"https:\/\/schema.org\/CreativeWork\" ><div class=\"iconbox_content\"><header class=\"entry-content-header\" aria-label=\"Icon: E-mail\"><a href='mailto:contact@mostrafilmfestival.org' title='E-mail'  class=\"iconbox_icon heading-color\" aria-hidden='true' data-av_icon='\ue805' data-av_iconfont='entypo-fontello'><\/a><h3 class='iconbox_content_title '  itemprop=\"headline\" ><a href='mailto:contact@mostrafilmfestival.org' title='E-mail' >E-mail<\/a><\/h3><\/header><div class='iconbox_content_container '  itemprop=\"text\" ><p><a href=\"mailto:contact@mostrafilmfestival.org\">contact@mostrafilmfestival.org<\/a><\/p>\n<\/div><\/div><footer class=\"entry-footer\"><\/footer><\/article><br \/>\n\n<style type=\"text\/css\" data-created_by=\"avia_inline_auto\" id=\"style-css-av-h8zf7-a424c0a38e125b0bda9c907b4dbedaad\">\n#top .av-special-heading.av-h8zf7-a424c0a38e125b0bda9c907b4dbedaad{\npadding-bottom:20px;\n}\nbody .av-special-heading.av-h8zf7-a424c0a38e125b0bda9c907b4dbedaad .av-special-heading-tag .heading-char{\nfont-size:25px;\n}\n.av-special-heading.av-h8zf7-a424c0a38e125b0bda9c907b4dbedaad .av-subheading{\nfont-size:15px;\n}\n<\/style>\n<div  class='av-special-heading av-h8zf7-a424c0a38e125b0bda9c907b4dbedaad av-special-heading-h3 blockquote modern-quote  avia-builder-el-7  el_after_av_icon_box  el_before_av_mailchimp '><h3 class='av-special-heading-tag '  itemprop=\"headline\"  >Assine nossa newsletter \ud83d\udce7<\/h3><div class=\"special-heading-border\"><div class=\"special-heading-inner-border\"><\/div><\/div><\/div><br \/>\n<form action=\"https:\/\/mostrafilmfestival.org\/xv\/br\/contato\/\" method=\"post\"  data-av-custom-send='mailchimp_send'data-fields-with-error=\"Found errors in the following field(s):\" class=\"avia_ajax_form av-form-labels-hidden   avia-builder-el-8  el_after_av_heading  avia-builder-el-last   avia-mailchimp-form \" data-avia-form-id=\"2\" data-avia-redirect='' ><fieldset><p class='  first_form  form_element form_fullwidth' id='element_avia_0_2'><label for=\"avia_0_2\">Email Address <abbr class=\"required\" title=\"required\">*<\/abbr><\/label> <input name=\"avia_0_2\" class=\"text_input is_email\" type=\"text\" id=\"avia_0_2\" value=\"\"  placeholder='Email Address*'\/><\/p><p class='  first_form  form_element form_fullwidth' id='element_avia_1_2'><label for=\"avia_1_2\">First Name<\/label> <input name=\"avia_1_2\" class=\"text_input \" type=\"text\" id=\"avia_1_2\" value=\"\"  placeholder='First Name'\/><\/p><p class='  first_form  form_element form_fullwidth' id='element_avia_2_2'><label for=\"avia_2_2\">Last Name<\/label> <input name=\"avia_2_2\" class=\"text_input \" type=\"text\" id=\"avia_2_2\" value=\"\"  placeholder='Last Name'\/><\/p><p class=\"form_element  first_form  form_element form_fullwidth av-last-visible-form-element modified_width\"><input type=\"hidden\" value=\"1\" name=\"avia_generated_form2\" \/><input type=\"submit\" value=\"Subscribe\" class=\"button\"  data-sending-label=\"Sending\"\/><\/p><p class=\"hidden\"><input type=\"text\" name=\"avia_avia_username_2\" class=\"hidden \" id=\"avia_avia_username_2\" value=\"\" \/><\/p><\/fieldset><\/form><div id=\"ajaxresponse_2\" class=\"ajaxresponse ajaxresponse_2 hidden\"><\/div><\/p><\/div><\/div><\/div><\/div><!-- close content main div --><\/div><\/div><div id='av_section_2'  class='avia-section av-aovkr-d4b1efe2489e60bfd63e86973e46681f main_color avia-section-default avia-no-border-styling  avia-builder-el-9  el_after_av_one_third  el_before_av_one_third  avia-bg-style-scroll container_wrap fullsize'  ><div class='container av-section-cont-open' ><div class='template-page content  av-content-full alpha units'><div class='post-entry post-entry-type-page post-entry-27'><div class='entry-content-wrapper clearfix'>\n\n<style type=\"text\/css\" data-created_by=\"avia_inline_auto\" id=\"style-css-av-9lndv-3aa9480333e637bf41ef1ff92b6b04bd\">\n#top .av-special-heading.av-9lndv-3aa9480333e637bf41ef1ff92b6b04bd{\npadding-bottom:30px;\n}\nbody .av-special-heading.av-9lndv-3aa9480333e637bf41ef1ff92b6b04bd .av-special-heading-tag .heading-char{\nfont-size:25px;\n}\n.av-special-heading.av-9lndv-3aa9480333e637bf41ef1ff92b6b04bd .av-subheading{\nfont-size:15px;\n}\n<\/style>\n<div  class='av-special-heading av-9lndv-3aa9480333e637bf41ef1ff92b6b04bd av-special-heading-h2 blockquote modern-quote modern-centered  avia-builder-el-10  el_before_av_one_fourth  avia-builder-el-first '><h2 class='av-special-heading-tag '  itemprop=\"headline\"  >Siga Nossas Redes Sociais<\/h2><div class=\"special-heading-border\"><div class=\"special-heading-inner-border\"><\/div><\/div><\/div>\n<div  class='flex_column av-9i0zf-e19023c179f028fcc6d011d5df5243ff av_one_fourth  avia-builder-el-11  el_after_av_heading  el_before_av_one_fourth  first flex_column_div  '     ><article  class='iconbox iconbox_top av-8kofz-ebcb8e95ed3ee47e02a09065e09b2ba9  avia-builder-el-12  avia-builder-el-no-sibling  main_color'  itemscope=\"itemscope\" itemtype=\"https:\/\/schema.org\/CreativeWork\" ><div class=\"iconbox_content\"><header class=\"entry-content-header\" aria-label=\"Icon: Instagram\"><a href='https:\/\/www.instagram.com\/mostrafilmfestival\/' title='Instagram' target=\"_blank\" rel=\"noopener noreferrer\" class=\"iconbox_icon heading-color\" aria-hidden='true' data-av_icon='\uf16d' data-av_iconfont='entypo-fontello'><\/a><h3 class='iconbox_content_title '  itemprop=\"headline\" ><a href='https:\/\/www.instagram.com\/mostrafilmfestival\/' title='Instagram' target=\"_blank\" rel=\"noopener noreferrer\">Instagram<\/a><\/h3><\/header><div class='iconbox_content_container '  itemprop=\"text\" ><p>@mostrafilmfestival<\/p>\n<\/div><\/div><footer class=\"entry-footer\"><\/footer><\/article><\/div><div  class='flex_column av-84fev-5d13e86f22793980d8de6f08297729bb av_one_fourth  avia-builder-el-13  el_after_av_one_fourth  el_before_av_one_fourth  flex_column_div  '     ><article  class='iconbox iconbox_top av-7l84r-26d383d8c65c6190b8f3624471eb4494  avia-builder-el-14  avia-builder-el-no-sibling  main_color'  itemscope=\"itemscope\" itemtype=\"https:\/\/schema.org\/CreativeWork\" ><div class=\"iconbox_content\"><header class=\"entry-content-header\" aria-label=\"Icon: Facebook\"><a href='https:\/\/www.facebook.com\/mostrafilmfestival' title='Facebook' target=\"_blank\" rel=\"noopener noreferrer\" class=\"iconbox_icon heading-color\" aria-hidden='true' data-av_icon='\ue8f3' data-av_iconfont='entypo-fontello'><\/a><h3 class='iconbox_content_title '  itemprop=\"headline\" ><a href='https:\/\/www.facebook.com\/mostrafilmfestival' title='Facebook' target=\"_blank\" rel=\"noopener noreferrer\">Facebook<\/a><\/h3><\/header><div class='iconbox_content_container '  itemprop=\"text\" ><p>@mostrafilmfestival<\/p>\n<\/div><\/div><footer class=\"entry-footer\"><\/footer><\/article><\/div><div  class='flex_column av-6qif7-0f10159c994b0faa29a2d75c1cb85cc5 av_one_fourth  avia-builder-el-15  el_after_av_one_fourth  el_before_av_one_fourth  flex_column_div  '     ><article  class='iconbox iconbox_top av-lzdn-d6f3924c8274c12630b83deab6daef07  avia-builder-el-16  avia-builder-el-no-sibling  main_color'  itemscope=\"itemscope\" itemtype=\"https:\/\/schema.org\/CreativeWork\" ><div class=\"iconbox_content\"><header class=\"entry-content-header\" aria-label=\"Icon: Twitter\"><a href='https:\/\/twitter.com\/brazilianfilms' title='Twitter' target=\"_blank\" rel=\"noopener noreferrer\" class=\"iconbox_icon heading-color\" aria-hidden='true' data-av_icon='\ue8f1' data-av_iconfont='entypo-fontello'><\/a><h3 class='iconbox_content_title '  itemprop=\"headline\" ><a href='https:\/\/twitter.com\/brazilianfilms' title='Twitter' target=\"_blank\" rel=\"noopener noreferrer\">Twitter<\/a><\/h3><\/header><div class='iconbox_content_container '  itemprop=\"text\" ><p>@brazilianfilms<\/p>\n<\/div><\/div><footer class=\"entry-footer\"><\/footer><\/article><\/div><div  class='flex_column av-5qo2f-9c3ec78fadd7ca8c79b335c73d3da110 av_one_fourth  avia-builder-el-17  el_after_av_one_fourth  avia-builder-el-last  flex_column_div  '     ><article  class='iconbox iconbox_top av-55vrj-864ba18660722f0dece561e62424191c  avia-builder-el-18  avia-builder-el-no-sibling  main_color'  itemscope=\"itemscope\" itemtype=\"https:\/\/schema.org\/CreativeWork\" ><div class=\"iconbox_content\"><header class=\"entry-content-header\" aria-label=\"Icon: Linkedin\"><a href='https:\/\/www.linkedin.com\/company\/mostra-film-series\/' title='Linkedin' target=\"_blank\" rel=\"noopener noreferrer\" class=\"iconbox_icon heading-color\" aria-hidden='true' data-av_icon='\ue8fc' data-av_iconfont='entypo-fontello'><\/a><h3 class='iconbox_content_title '  itemprop=\"headline\" ><a href='https:\/\/www.linkedin.com\/company\/mostra-film-series\/' title='Linkedin' target=\"_blank\" rel=\"noopener noreferrer\">Linkedin<\/a><\/h3><\/header><div class='iconbox_content_container '  itemprop=\"text\" ><p>@mostra-film-series<\/p>\n<\/div><\/div><footer class=\"entry-footer\"><\/footer><\/article><\/div><\/div><\/div><\/div><!-- close content main div --><\/div><\/div><div id='after_section_2'  class='main_color av_default_container_wrap container_wrap fullsize'  ><div class='container av-section-cont-open' ><div class='template-page content  av-content-full alpha units'><div class='post-entry post-entry-type-page post-entry-27'><div class='entry-content-wrapper clearfix'><div  class='flex_column av-4jbvr-c931ed287f0829f64afeb207a1c323dd av_one_third  avia-builder-el-19  el_after_av_section  el_before_av_two_third  avia-builder-el-first  first flex_column_div  '     ><p>\n<style type=\"text\/css\" data-created_by=\"avia_inline_auto\" id=\"style-css-av-42kpv-0f976f491431ff7933785696bfc591fe\">\n#top .av-special-heading.av-42kpv-0f976f491431ff7933785696bfc591fe{\npadding-bottom:10px;\n}\nbody .av-special-heading.av-42kpv-0f976f491431ff7933785696bfc591fe .av-special-heading-tag .heading-char{\nfont-size:25px;\n}\n.av-special-heading.av-42kpv-0f976f491431ff7933785696bfc591fe .av-subheading{\nfont-size:15px;\n}\n<\/style>\n<div  class='av-special-heading av-42kpv-0f976f491431ff7933785696bfc591fe av-special-heading-h2 blockquote modern-quote  avia-builder-el-20  el_before_av_textblock  avia-builder-el-first '><h2 class='av-special-heading-tag '  itemprop=\"headline\"  >Seja um(a) volunt\u00e1rio(a)!<\/h2><div class=\"special-heading-border\"><div class=\"special-heading-inner-border\"><\/div><\/div><\/div><br \/>\n<section  class='av_textblock_section av-3i687-c562b8f364de0d3c256d85e16befd949 '   itemscope=\"itemscope\" itemtype=\"https:\/\/schema.org\/CreativeWork\" ><div class='avia_textblock'  itemprop=\"text\" ><p>Estamos sempre em busca de volunt\u00e1rios talentosos e apaixonados que possam nos ajudar a manter o MOSTRA como um projeto de sucesso. Voc\u00ea est\u00e1 interessado em se juntar \u00e0 nossa equipe? Envie-nos uma mensagem para\u00a0<a href=\"mailto:volunteer@mostrafilmfestival.org\">volunteer@mostrafilmfestival.org<\/a>.<\/p>\n<\/div><\/section><br \/>\n\n<style type=\"text\/css\" data-created_by=\"avia_inline_auto\" id=\"style-css-av-2w7sn-06601c88f04755e830213f787acfa2e4\">\n#top .hr.hr-invisible.av-2w7sn-06601c88f04755e830213f787acfa2e4{\nheight:20px;\n}\n<\/style>\n<div  class='hr av-2w7sn-06601c88f04755e830213f787acfa2e4 hr-invisible  avia-builder-el-22  el_after_av_textblock  el_before_av_button '><span class='hr-inner '><span class=\"hr-inner-style\"><\/span><\/span><\/div><br \/>\n<div  class='avia-button-wrap av-27zkn-59d684ee2c5a13b122b009636c12d3b2-wrap avia-button-left  avia-builder-el-23  el_after_av_hr  avia-builder-el-last '><a href='https:\/\/www.illinois-saopaulo-partners.org\/' class='avia-button av-27zkn-59d684ee2c5a13b122b009636c12d3b2 av-link-btn avia-icon_select-yes-left-icon avia-size-medium avia-position-left avia-color-theme-color' target=\"_blank\" rel=\"noopener noreferrer\" aria-label=\"Conhe\u00e7a o Partners SP\"><span class='avia_button_icon avia_button_icon_left' aria-hidden='true' data-av_icon='\ue808' data-av_iconfont='entypo-fontello'><\/span><span class='avia_iconbox_title' >Conhe\u00e7a o Partners SP<\/span><\/a><\/div><\/p><\/div><div  class='flex_column av-1qh0n-30e441c21113626da972c3113fda0569 av_two_third  avia-builder-el-24  el_after_av_one_third  avia-builder-el-last  flex_column_div  '     ><style type=\"text\/css\" data-created_by=\"avia_inline_auto\" id=\"style-css-av-vc13-1a21967559d3af1523f3a910d2a72909\">\n.avia-image-container.av-vc13-1a21967559d3af1523f3a910d2a72909 img.avia_image{\nbox-shadow:none;\n}\n.avia-image-container.av-vc13-1a21967559d3af1523f3a910d2a72909 .av-image-caption-overlay-center{\ncolor:#ffffff;\n}\n<\/style>\n<div  class='avia-image-container av-vc13-1a21967559d3af1523f3a910d2a72909 av-styling- avia-align-center  avia-builder-el-25  avia-builder-el-no-sibling '   itemprop=\"image\" itemscope=\"itemscope\" itemtype=\"https:\/\/schema.org\/ImageObject\" ><div class=\"avia-image-container-inner\"><div class=\"avia-image-overlay-wrap\"><img decoding=\"async\" fetchpriority=\"high\" class='wp-image- avia-img-lazy-loading-not- avia_image ' src=\"https:\/\/mostrafilmfestival.org\/xv\/wp-content\/uploads\/2024\/09\/Mostra-2023-1030x686.webp\" alt='' title=''   itemprop=\"thumbnailUrl\"  \/><\/div><\/div><\/div><\/div><\/p>\n","protected":false},"excerpt":{"rendered":"","protected":false},"author":1,"featured_media":0,"parent":0,"menu_order":0,"comment_status":"closed","ping_status":"closed","template":"","meta":{"nf_dc_page":"","footnotes":""},"class_list":["post-27","page","type-page","status-publish","hentry"],"yoast_head":"<!-- This site is optimized with the Yoast SEO plugin v27.5 - https:\/\/yoast.com\/product\/yoast-seo-wordpress\/ -->\n<title>Contato - MOSTRA XV Brazilian Film Festival - Brasil<\/title>\n<meta name=\"robots\" content=\"index, follow, max-snippet:-1, max-image-preview:large, max-video-preview:-1\" \/>\n<link rel=\"canonical\" href=\"https:\/\/mostrafilmfestival.org\/xv\/br\/contato\/\" \/>\n<meta property=\"og:locale\" content=\"pt_BR\" \/>\n<meta property=\"og:type\" content=\"article\" \/>\n<meta property=\"og:title\" content=\"Contato - MOSTRA XV Brazilian Film Festival - Brasil\" \/>\n<meta property=\"og:url\" content=\"https:\/\/mostrafilmfestival.org\/xv\/br\/contato\/\" \/>\n<meta property=\"og:site_name\" content=\"MOSTRA XV Brazilian Film Festival - Brasil\" \/>\n<meta property=\"article:modified_time\" content=\"2024-11-12T21:10:36+00:00\" \/>\n<meta name=\"twitter:card\" content=\"summary_large_image\" \/>\n<meta name=\"twitter:label1\" content=\"Est. tempo de leitura\" \/>\n\t<meta name=\"twitter:data1\" content=\"1 minuto\" \/>\n<script type=\"application\/ld+json\" class=\"yoast-schema-graph\">{\"@context\":\"https:\\\/\\\/schema.org\",\"@graph\":[{\"@type\":\"WebPage\",\"@id\":\"https:\\\/\\\/mostrafilmfestival.org\\\/xv\\\/br\\\/contato\\\/\",\"url\":\"https:\\\/\\\/mostrafilmfestival.org\\\/xv\\\/br\\\/contato\\\/\",\"name\":\"Contato - MOSTRA XV Brazilian Film Festival - Brasil\",\"isPartOf\":{\"@id\":\"https:\\\/\\\/mostrafilmfestival.org\\\/xv\\\/br\\\/#website\"},\"datePublished\":\"2024-11-12T02:47:43+00:00\",\"dateModified\":\"2024-11-12T21:10:36+00:00\",\"breadcrumb\":{\"@id\":\"https:\\\/\\\/mostrafilmfestival.org\\\/xv\\\/br\\\/contato\\\/#breadcrumb\"},\"inLanguage\":\"pt-BR\",\"potentialAction\":[{\"@type\":\"ReadAction\",\"target\":[\"https:\\\/\\\/mostrafilmfestival.org\\\/xv\\\/br\\\/contato\\\/\"]}]},{\"@type\":\"BreadcrumbList\",\"@id\":\"https:\\\/\\\/mostrafilmfestival.org\\\/xv\\\/br\\\/contato\\\/#breadcrumb\",\"itemListElement\":[{\"@type\":\"ListItem\",\"position\":1,\"name\":\"Home\",\"item\":\"https:\\\/\\\/mostrafilmfestival.org\\\/xv\\\/br\\\/home\\\/\"},{\"@type\":\"ListItem\",\"position\":2,\"name\":\"Contato\"}]},{\"@type\":\"WebSite\",\"@id\":\"https:\\\/\\\/mostrafilmfestival.org\\\/xv\\\/br\\\/#website\",\"url\":\"https:\\\/\\\/mostrafilmfestival.org\\\/xv\\\/br\\\/\",\"name\":\"MOSTRA XV Brazilian Film Festival - Brasil\",\"description\":\"Filmes brasileiros com consci\u00eancia social.\",\"potentialAction\":[{\"@type\":\"SearchAction\",\"target\":{\"@type\":\"EntryPoint\",\"urlTemplate\":\"https:\\\/\\\/mostrafilmfestival.org\\\/xv\\\/br\\\/?s={search_term_string}\"},\"query-input\":{\"@type\":\"PropertyValueSpecification\",\"valueRequired\":true,\"valueName\":\"search_term_string\"}}],\"inLanguage\":\"pt-BR\"}]}<\/script>\n<!-- \/ Yoast SEO plugin. -->","yoast_head_json":{"title":"Contato - MOSTRA XV Brazilian Film Festival - Brasil","robots":{"index":"index","follow":"follow","max-snippet":"max-snippet:-1","max-image-preview":"max-image-preview:large","max-video-preview":"max-video-preview:-1"},"canonical":"https:\/\/mostrafilmfestival.org\/xv\/br\/contato\/","og_locale":"pt_BR","og_type":"article","og_title":"Contato - MOSTRA XV Brazilian Film Festival - Brasil","og_url":"https:\/\/mostrafilmfestival.org\/xv\/br\/contato\/","og_site_name":"MOSTRA XV Brazilian Film Festival - Brasil","article_modified_time":"2024-11-12T21:10:36+00:00","twitter_card":"summary_large_image","twitter_misc":{"Est. tempo de leitura":"1 minuto"},"schema":{"@context":"https:\/\/schema.org","@graph":[{"@type":"WebPage","@id":"https:\/\/mostrafilmfestival.org\/xv\/br\/contato\/","url":"https:\/\/mostrafilmfestival.org\/xv\/br\/contato\/","name":"Contato - MOSTRA XV Brazilian Film Festival - Brasil","isPartOf":{"@id":"https:\/\/mostrafilmfestival.org\/xv\/br\/#website"},"datePublished":"2024-11-12T02:47:43+00:00","dateModified":"2024-11-12T21:10:36+00:00","breadcrumb":{"@id":"https:\/\/mostrafilmfestival.org\/xv\/br\/contato\/#breadcrumb"},"inLanguage":"pt-BR","potentialAction":[{"@type":"ReadAction","target":["https:\/\/mostrafilmfestival.org\/xv\/br\/contato\/"]}]},{"@type":"BreadcrumbList","@id":"https:\/\/mostrafilmfestival.org\/xv\/br\/contato\/#breadcrumb","itemListElement":[{"@type":"ListItem","position":1,"name":"Home","item":"https:\/\/mostrafilmfestival.org\/xv\/br\/home\/"},{"@type":"ListItem","position":2,"name":"Contato"}]},{"@type":"WebSite","@id":"https:\/\/mostrafilmfestival.org\/xv\/br\/#website","url":"https:\/\/mostrafilmfestival.org\/xv\/br\/","name":"MOSTRA XV Brazilian Film Festival - Brasil","description":"Filmes brasileiros com consci\u00eancia social.","potentialAction":[{"@type":"SearchAction","target":{"@type":"EntryPoint","urlTemplate":"https:\/\/mostrafilmfestival.org\/xv\/br\/?s={search_term_string}"},"query-input":{"@type":"PropertyValueSpecification","valueRequired":true,"valueName":"search_term_string"}}],"inLanguage":"pt-BR"}]}},"_links":{"self":[{"href":"https:\/\/mostrafilmfestival.org\/xv\/br\/wp-json\/wp\/v2\/pages\/27","targetHints":{"allow":["GET"]}}],"collection":[{"href":"https:\/\/mostrafilmfestival.org\/xv\/br\/wp-json\/wp\/v2\/pages"}],"about":[{"href":"https:\/\/mostrafilmfestival.org\/xv\/br\/wp-json\/wp\/v2\/types\/page"}],"author":[{"embeddable":true,"href":"https:\/\/mostrafilmfestival.org\/xv\/br\/wp-json\/wp\/v2\/users\/1"}],"replies":[{"embeddable":true,"href":"https:\/\/mostrafilmfestival.org\/xv\/br\/wp-json\/wp\/v2\/comments?post=27"}],"version-history":[{"count":3,"href":"https:\/\/mostrafilmfestival.org\/xv\/br\/wp-json\/wp\/v2\/pages\/27\/revisions"}],"predecessor-version":[{"id":91,"href":"https:\/\/mostrafilmfestival.org\/xv\/br\/wp-json\/wp\/v2\/pages\/27\/revisions\/91"}],"wp:attachment":[{"href":"https:\/\/mostrafilmfestival.org\/xv\/br\/wp-json\/wp\/v2\/media?parent=27"}],"curies":[{"name":"wp","href":"https:\/\/api.w.org\/{rel}","templated":true}]}}