{"id":3,"date":"2025-11-15T16:02:47","date_gmt":"2025-11-15T16:02:47","guid":{"rendered":"https:\/\/mostrafilmfestival.org\/xvi\/br\/?page_id=3"},"modified":"2025-11-15T22:49:30","modified_gmt":"2025-11-16T01:49:30","slug":"politica-privacidade","status":"publish","type":"page","link":"https:\/\/mostrafilmfestival.org\/xvi\/br\/politica-privacidade\/","title":{"rendered":"Pol\u00edtica de Privacidade"},"content":{"rendered":"\n<style type=\"text\/css\" data-created_by=\"avia_inline_auto\" id=\"style-css-av-av_section-49971b60cedbfa895ed2fad2fd43f103\">\n.avia-section.av-av_section-49971b60cedbfa895ed2fad2fd43f103 .av-section-color-overlay{\nopacity:0.6;\nbackground-color:#000000;\n}\n<\/style>\n<div id='av_section_1'  class='avia-section av-av_section-49971b60cedbfa895ed2fad2fd43f103 main_color avia-section-huge avia-no-border-styling  avia-builder-el-0  el_before_av_textblock  avia-builder-el-first  avia-bg-style-parallax av-section-color-overlay-active av-minimum-height av-minimum-height-25 av-height-25  container_wrap fullsize'   data-av_minimum_height_pc='25' data-av_min_height_opt='25'><div class=\"av-section-color-overlay-wrap\"><div class=\"av-section-color-overlay\"><\/div><a href='#next-section' title='' class='scroll-down-link  avia-svg-icon avia-font-svg_entypo-fontello' data-av_svg_icon='down-open-mini' data-av_iconset='svg_entypo-fontello'><svg version=\"1.1\" xmlns=\"http:\/\/www.w3.org\/2000\/svg\" width=\"15\" height=\"32\" viewBox=\"0 0 15 32\" preserveAspectRatio=\"xMidYMid meet\" aria-labelledby='av-svg-title-1' aria-describedby='av-svg-desc-1' role=\"graphics-symbol\" aria-hidden=\"true\">\n<title id='av-svg-title-1'>Scroll to next section<\/title>\n<desc id='av-svg-desc-1'>Scroll to next section<\/desc>\n<path d=\"M12.96 12.16q0.704-0.832 1.536 0 0.832 0.704 0 1.536l-6.272 6.144q-0.704 0.704-1.536 0l-6.272-6.144q-0.832-0.832 0-1.536 0.768-0.768 1.6 0l5.44 4.992z\"><\/path>\n<\/svg><\/a><div class='container av-section-cont-open' ><main  role=\"main\" itemprop=\"mainContentOfPage\"  class='template-page content  av-content-full alpha units'><div class='post-entry post-entry-type-page post-entry-3'><div class='entry-content-wrapper clearfix'>\n\n<style type=\"text\/css\" data-created_by=\"avia_inline_auto\" id=\"style-css-av-mi1224o5-037cbf9928b7c6e0222d1528618840db\">\n#top .av-special-heading.av-mi1224o5-037cbf9928b7c6e0222d1528618840db{\npadding-bottom:10px;\ncolor:#ffffff;\nfont-size:35px;\n}\nbody .av-special-heading.av-mi1224o5-037cbf9928b7c6e0222d1528618840db .av-special-heading-tag .heading-char{\nfont-size:25px;\n}\n#top #wrap_all .av-special-heading.av-mi1224o5-037cbf9928b7c6e0222d1528618840db .av-special-heading-tag{\nfont-size:35px;\n}\n.av-special-heading.av-mi1224o5-037cbf9928b7c6e0222d1528618840db .special-heading-inner-border{\nborder-color:#ffffff;\n}\n.av-special-heading.av-mi1224o5-037cbf9928b7c6e0222d1528618840db .av-subheading{\nfont-size:15px;\n}\n\n@media only screen and (min-width: 480px) and (max-width: 767px){ \n#top #wrap_all .av-special-heading.av-mi1224o5-037cbf9928b7c6e0222d1528618840db .av-special-heading-tag{\nfont-size:0.8em;\n}\n}\n\n@media only screen and (max-width: 479px){ \n#top #wrap_all .av-special-heading.av-mi1224o5-037cbf9928b7c6e0222d1528618840db .av-special-heading-tag{\nfont-size:0.8em;\n}\n}\n<\/style>\n<div  class='av-special-heading av-mi1224o5-037cbf9928b7c6e0222d1528618840db av-special-heading-h1 custom-color-heading blockquote modern-quote modern-centered  avia-builder-el-1  avia-builder-el-no-sibling  av-inherit-size'><h1 class='av-special-heading-tag '  itemprop=\"headline\"  >Pol\u00edtica de Privacidade<\/h1><div class=\"special-heading-border\"><div class=\"special-heading-inner-border\"><\/div><\/div><\/div>\n<\/div><\/div><\/main><!-- close content main element --><\/div><\/div><\/div><div id='after_section_1'  class='main_color av_default_container_wrap container_wrap fullsize'  ><div class='container av-section-cont-open' ><div class='template-page content  av-content-full alpha units'><div class='post-entry post-entry-type-page post-entry-3'><div class='entry-content-wrapper clearfix'><section  class='av_textblock_section av-mi124zut-be5d5f5d0a5ceb12d57e463b21a2587d '   itemscope=\"itemscope\" itemtype=\"https:\/\/schema.org\/CreativeWork\" ><div class='avia_textblock'  itemprop=\"text\" ><p>Sua privacidade \u00e9 importante para n\u00f3s. \u00c9 pol\u00edtica da MOSTRA XVI \u2013 Brazilian Film Festival respeitar sua privacidade em rela\u00e7\u00e3o a qualquer informa\u00e7\u00e3o que possamos coletar de voc\u00ea em nosso site, <span style=\"text-decoration: underline;\"><a href=\"https:\/\/mostrafilmfestival.org\/xvi\/br\/\">mostrafilmfestival.org\/xvi\/br<\/a><\/span>, e em outros sites que possu\u00edmos e operamos.<\/p>\n<p>Solicitamos informa\u00e7\u00f5es pessoais apenas quando realmente precisamos delas para fornecer um servi\u00e7o a voc\u00ea. Coletamos essas informa\u00e7\u00f5es de forma justa e legal, com o seu conhecimento e consentimento. Tamb\u00e9m informamos por que estamos coletando esses dados e como ser\u00e3o usados.<\/p>\n<p>Mantemos as informa\u00e7\u00f5es coletadas apenas pelo tempo necess\u00e1rio para fornecer o servi\u00e7o solicitado. Os dados que armazenamos s\u00e3o protegidos por meios comercialmente aceit\u00e1veis para evitar perda, roubo, acesso n\u00e3o autorizado, divulga\u00e7\u00e3o, c\u00f3pia, uso ou modifica\u00e7\u00e3o.<\/p>\n<p>N\u00e3o compartilhamos informa\u00e7\u00f5es de identifica\u00e7\u00e3o pessoal publicamente ou com terceiros, exceto quando exigido por lei.<\/p>\n<p>Nosso site pode conter links para sites externos que n\u00e3o s\u00e3o operados por n\u00f3s. Esteja ciente de que n\u00e3o temos controle sobre o conte\u00fado e as pr\u00e1ticas desses sites e n\u00e3o podemos aceitar responsabilidade ou obriga\u00e7\u00e3o por suas respectivas pol\u00edticas de privacidade.<\/p>\n<p>Voc\u00ea \u00e9 livre para recusar nossa solicita\u00e7\u00e3o de informa\u00e7\u00f5es pessoais, entendendo que talvez n\u00e3o possamos fornecer alguns dos servi\u00e7os desejados.<\/p>\n<p>O uso cont\u00ednuo de nosso site ser\u00e1 considerado como aceita\u00e7\u00e3o de nossas pr\u00e1ticas de privacidade e de informa\u00e7\u00f5es pessoais. Se tiver alguma d\u00favida sobre como lidamos com dados de usu\u00e1rios e informa\u00e7\u00f5es pessoais, sinta-se \u00e0 vontade para nos contatar.<\/p>\n<h2>Pol\u00edtica de Cookies para MOSTRA XVI \u2013 Brazilian Film Festival<\/h2>\n<p>Esta \u00e9 a Pol\u00edtica de Cookies do Mostra XV \u2013 Festival de Cinema Brasileiro, acess\u00edvel a partir da URL:\u00a0<a href=\"https:\/\/mostrafilmfestival.org\/xvi\/br\"><span style=\"text-decoration: underline;\">https:\/\/mostrafilmfestival.org\/xvi\/br<\/span><\/a>.<\/p>\n<h3><strong>O que s\u00e3o Cookies<\/strong><\/h3>\n<p>Como \u00e9 pr\u00e1tica comum em quase todos os sites profissionais, este site usa cookies, que s\u00e3o pequenos arquivos baixados em seu computador, para melhorar sua experi\u00eancia. Esta p\u00e1gina descreve as informa\u00e7\u00f5es que eles coletam, como as usamos e por que \u00e0s vezes precisamos armazenar esses cookies. Tamb\u00e9m explicaremos como voc\u00ea pode evitar que esses cookies sejam armazenados, embora isso possa afetar ou \u201cquebrar\u201d certas funcionalidades do site.<\/p>\n<h3><strong>Como Usamos Cookies<\/strong><\/h3>\n<p>Usamos cookies por diversos motivos detalhados abaixo. Infelizmente, na maioria dos casos, n\u00e3o h\u00e1 op\u00e7\u00f5es padr\u00e3o na ind\u00fastria para desativar os cookies sem desativar completamente as funcionalidades e os recursos que eles adicionam a este site. Recomenda-se que voc\u00ea mantenha todos os cookies ativados, a menos que tenha certeza de que n\u00e3o precisa deles, pois podem ser usados para fornecer um servi\u00e7o que voc\u00ea usa.<\/p>\n<h3><strong>Desativando Cookies<\/strong><\/h3>\n<p>Voc\u00ea pode impedir a configura\u00e7\u00e3o de cookies ajustando as configura\u00e7\u00f5es do seu navegador (consulte a Ajuda do navegador para saber como fazer isso). Esteja ciente de que a desativa\u00e7\u00e3o de cookies afetar\u00e1 a funcionalidade deste e de muitos outros sites que voc\u00ea visita. A desativa\u00e7\u00e3o de cookies geralmente resulta tamb\u00e9m na desativa\u00e7\u00e3o de certas funcionalidades e recursos deste site. Portanto, recomenda-se que voc\u00ea n\u00e3o desative os cookies.<\/p>\n<h3><strong>Cookies que Utilizamos<\/strong><\/h3>\n<ul>\n<li><strong>Cookies relacionados \u00e0 conta<\/strong>: se voc\u00ea criar uma conta conosco, usaremos cookies para o gerenciamento do processo de inscri\u00e7\u00e3o e administra\u00e7\u00e3o geral. Esses cookies geralmente s\u00e3o exclu\u00eddos quando voc\u00ea sai, mas em alguns casos podem permanecer para lembrar suas prefer\u00eancias quando voc\u00ea estiver desconectado.<\/li>\n<li><strong>Cookies de login<\/strong>: usamos cookies quando voc\u00ea est\u00e1 logado para lembrar este fato, evitando que voc\u00ea precise fazer login toda vez que visita uma nova p\u00e1gina. Esses cookies s\u00e3o normalmente removidos ou limpos ao sair para garantir que voc\u00ea s\u00f3 possa acessar recursos restritos quando estiver logado.<\/li>\n<li><strong>Cookies relacionados a boletins informativos por e-mail<\/strong>: este site oferece servi\u00e7os de assinatura de boletins informativos por e-mail, e os cookies podem ser usados para lembrar se voc\u00ea j\u00e1 est\u00e1 registrado e se deve exibir determinadas notifica\u00e7\u00f5es para usu\u00e1rios inscritos\/n\u00e3o inscritos.<\/li>\n<li><strong>Cookies relacionados ao processamento de pedidos<\/strong>: este site oferece facilidades de e-commerce ou pagamento, e alguns cookies s\u00e3o essenciais para garantir que seu pedido seja lembrado entre as p\u00e1ginas, para que possamos process\u00e1-lo adequadamente.<\/li>\n<li><strong>Cookies relacionados a pesquisas<\/strong>: de tempos em tempos, oferecemos pesquisas e question\u00e1rios para fornecer insights interessantes, ferramentas \u00fateis ou para entender melhor nossa base de usu\u00e1rios. Essas pesquisas podem usar cookies para lembrar quem j\u00e1 participou ou para fornecer resultados precisos ap\u00f3s a mudan\u00e7a de p\u00e1ginas.<\/li>\n<li><strong>Cookies relacionados a formul\u00e1rios<\/strong>: quando voc\u00ea envia dados por meio de um formul\u00e1rio, como os encontrados em p\u00e1ginas de contato ou formul\u00e1rios de coment\u00e1rios, os cookies podem ser configurados para lembrar seus dados de usu\u00e1rio para futuras correspond\u00eancias.<\/li>\n<li><strong>Cookies de prefer\u00eancias do site<\/strong>: para fornecer uma experi\u00eancia excelente, oferecemos a funcionalidade de definir suas prefer\u00eancias para como o site funciona. Para lembrar essas prefer\u00eancias, precisamos configurar cookies para que essas informa\u00e7\u00f5es possam ser acessadas sempre que voc\u00ea interagir com uma p\u00e1gina.<\/li>\n<\/ul>\n<h3><strong>Cookies de Terceiros<\/strong><\/h3>\n<p>Em alguns casos especiais, tamb\u00e9m usamos cookies fornecidos por terceiros confi\u00e1veis. A se\u00e7\u00e3o a seguir detalha quais cookies de terceiros voc\u00ea pode encontrar atrav\u00e9s deste site.<\/p>\n<ul>\n<li>Este site usa o Google Analytics, uma das solu\u00e7\u00f5es de an\u00e1lise mais amplamente confi\u00e1veis na web, para nos ajudar a entender como voc\u00ea usa o site e como podemos melhorar sua experi\u00eancia. Esses cookies podem rastrear coisas como o tempo que voc\u00ea passa no site e as p\u00e1ginas que visita, para que possamos continuar produzindo conte\u00fado atraente. Para mais informa\u00e7\u00f5es sobre cookies do Google Analytics, consulte a p\u00e1gina oficial do Google Analytics.<\/li>\n<li>An\u00e1lises de terceiros s\u00e3o usadas para rastrear e medir o uso deste site, para que possamos continuar produzindo conte\u00fado envolvente. Esses cookies podem rastrear o tempo que voc\u00ea passa no site ou as p\u00e1ginas que visita, o que nos ajuda a entender como podemos melhorar o site para voc\u00ea.<\/li>\n<li>Periodicamente, testamos novos recursos e fazemos pequenas altera\u00e7\u00f5es na forma como o site \u00e9 oferecido. Quando ainda estamos testando novos recursos, esses cookies podem ser usados para garantir uma experi\u00eancia consistente enquanto voc\u00ea estiver no site, enquanto nos ajudam a entender quais otimiza\u00e7\u00f5es nossos usu\u00e1rios mais apreciam.<\/li>\n<li>Como vendemos produtos, \u00e9 importante para n\u00f3s entender estat\u00edsticas sobre quantos dos visitantes do nosso site realmente fazem uma compra, e esses dados nos ajudam a monitorar nossos custos de publicidade e produtos, garantindo o melhor pre\u00e7o poss\u00edvel.<\/li>\n<li>Tamb\u00e9m usamos bot\u00f5es de redes sociais e\/ou plugins neste site que permitem que voc\u00ea se conecte com sua rede social de v\u00e1rias maneiras. Para que isso funcione, as seguintes redes sociais, incluindo: Facebook, Instagram, LinkedIn e YouTube, definir\u00e3o cookies atrav\u00e9s de nosso site, que podem ser usados para melhorar seu perfil em seu site ou contribuir com os dados que eles mant\u00eam para v\u00e1rios prop\u00f3sitos descritos em suas respectivas pol\u00edticas de privacidade.<\/li>\n<\/ul>\n<h2>Mais Informa\u00e7\u00f5es<\/h2>\n<p>Esperamos que isso tenha esclarecido as coisas para voc\u00ea. Como mencionado anteriormente, se houver algo de que voc\u00ea n\u00e3o tem certeza, geralmente \u00e9 mais seguro deixar os cookies ativados, caso eles interajam com uma das funcionalidades que voc\u00ea usa em nosso site.<\/p>\n<p>Esta pol\u00edtica \u00e9 v\u00e1lida a partir de Novembro de 2025.<\/p>\n<\/div><\/section><\/p>\n","protected":false},"excerpt":{"rendered":"","protected":false},"author":1,"featured_media":0,"parent":0,"menu_order":0,"comment_status":"closed","ping_status":"closed","template":"","meta":{"footnotes":""},"class_list":["post-3","page","type-page","status-publish","hentry"],"yoast_head":"<!-- This site is optimized with the Yoast SEO plugin v27.2 - https:\/\/yoast.com\/product\/yoast-seo-wordpress\/ -->\n<title>Pol\u00edtica de Privacidade - MOSTRA XVI Brazilian Film Festival - Brasil<\/title>\n<meta name=\"robots\" content=\"index, follow, max-snippet:-1, max-image-preview:large, max-video-preview:-1\" \/>\n<link rel=\"canonical\" href=\"https:\/\/mostrafilmfestival.org\/xvi\/br\/politica-privacidade\/\" \/>\n<meta property=\"og:locale\" content=\"pt_BR\" \/>\n<meta property=\"og:type\" content=\"article\" \/>\n<meta property=\"og:title\" content=\"Pol\u00edtica de Privacidade - MOSTRA XVI Brazilian Film Festival - Brasil\" \/>\n<meta property=\"og:url\" content=\"https:\/\/mostrafilmfestival.org\/xvi\/br\/politica-privacidade\/\" \/>\n<meta property=\"og:site_name\" content=\"MOSTRA XVI Brazilian Film Festival - Brasil\" \/>\n<meta property=\"article:modified_time\" content=\"2025-11-16T01:49:30+00:00\" \/>\n<meta name=\"twitter:card\" content=\"summary_large_image\" \/>\n<meta name=\"twitter:label1\" content=\"Est. tempo de leitura\" \/>\n\t<meta name=\"twitter:data1\" content=\"7 minutos\" \/>\n<script type=\"application\/ld+json\" class=\"yoast-schema-graph\">{\"@context\":\"https:\/\/schema.org\",\"@graph\":[{\"@type\":\"WebPage\",\"@id\":\"https:\/\/mostrafilmfestival.org\/xvi\/br\/politica-privacidade\/\",\"url\":\"https:\/\/mostrafilmfestival.org\/xvi\/br\/politica-privacidade\/\",\"name\":\"Pol\u00edtica de Privacidade - MOSTRA XVI Brazilian Film Festival - Brasil\",\"isPartOf\":{\"@id\":\"https:\/\/mostrafilmfestival.org\/xvi\/br\/#website\"},\"datePublished\":\"2025-11-15T16:02:47+00:00\",\"dateModified\":\"2025-11-16T01:49:30+00:00\",\"breadcrumb\":{\"@id\":\"https:\/\/mostrafilmfestival.org\/xvi\/br\/politica-privacidade\/#breadcrumb\"},\"inLanguage\":\"pt-BR\",\"potentialAction\":[{\"@type\":\"ReadAction\",\"target\":[\"https:\/\/mostrafilmfestival.org\/xvi\/br\/politica-privacidade\/\"]}]},{\"@type\":\"BreadcrumbList\",\"@id\":\"https:\/\/mostrafilmfestival.org\/xvi\/br\/politica-privacidade\/#breadcrumb\",\"itemListElement\":[{\"@type\":\"ListItem\",\"position\":1,\"name\":\"Home\",\"item\":\"https:\/\/mostrafilmfestival.org\/xvi\/br\/home\/\"},{\"@type\":\"ListItem\",\"position\":2,\"name\":\"Pol\u00edtica de Privacidade\"}]},{\"@type\":\"WebSite\",\"@id\":\"https:\/\/mostrafilmfestival.org\/xvi\/br\/#website\",\"url\":\"https:\/\/mostrafilmfestival.org\/xvi\/br\/\",\"name\":\"MOSTRA XVI Brazilian Film Festival - Brasil\",\"description\":\"Filmes brasileiros com consci\u00eancia social.\",\"potentialAction\":[{\"@type\":\"SearchAction\",\"target\":{\"@type\":\"EntryPoint\",\"urlTemplate\":\"https:\/\/mostrafilmfestival.org\/xvi\/br\/?s={search_term_string}\"},\"query-input\":{\"@type\":\"PropertyValueSpecification\",\"valueRequired\":true,\"valueName\":\"search_term_string\"}}],\"inLanguage\":\"pt-BR\"}]}<\/script>\n<!-- \/ Yoast SEO plugin. -->","yoast_head_json":{"title":"Pol\u00edtica de Privacidade - MOSTRA XVI Brazilian Film Festival - Brasil","robots":{"index":"index","follow":"follow","max-snippet":"max-snippet:-1","max-image-preview":"max-image-preview:large","max-video-preview":"max-video-preview:-1"},"canonical":"https:\/\/mostrafilmfestival.org\/xvi\/br\/politica-privacidade\/","og_locale":"pt_BR","og_type":"article","og_title":"Pol\u00edtica de Privacidade - MOSTRA XVI Brazilian Film Festival - Brasil","og_url":"https:\/\/mostrafilmfestival.org\/xvi\/br\/politica-privacidade\/","og_site_name":"MOSTRA XVI Brazilian Film Festival - Brasil","article_modified_time":"2025-11-16T01:49:30+00:00","twitter_card":"summary_large_image","twitter_misc":{"Est. tempo de leitura":"7 minutos"},"schema":{"@context":"https:\/\/schema.org","@graph":[{"@type":"WebPage","@id":"https:\/\/mostrafilmfestival.org\/xvi\/br\/politica-privacidade\/","url":"https:\/\/mostrafilmfestival.org\/xvi\/br\/politica-privacidade\/","name":"Pol\u00edtica de Privacidade - MOSTRA XVI Brazilian Film Festival - Brasil","isPartOf":{"@id":"https:\/\/mostrafilmfestival.org\/xvi\/br\/#website"},"datePublished":"2025-11-15T16:02:47+00:00","dateModified":"2025-11-16T01:49:30+00:00","breadcrumb":{"@id":"https:\/\/mostrafilmfestival.org\/xvi\/br\/politica-privacidade\/#breadcrumb"},"inLanguage":"pt-BR","potentialAction":[{"@type":"ReadAction","target":["https:\/\/mostrafilmfestival.org\/xvi\/br\/politica-privacidade\/"]}]},{"@type":"BreadcrumbList","@id":"https:\/\/mostrafilmfestival.org\/xvi\/br\/politica-privacidade\/#breadcrumb","itemListElement":[{"@type":"ListItem","position":1,"name":"Home","item":"https:\/\/mostrafilmfestival.org\/xvi\/br\/home\/"},{"@type":"ListItem","position":2,"name":"Pol\u00edtica de Privacidade"}]},{"@type":"WebSite","@id":"https:\/\/mostrafilmfestival.org\/xvi\/br\/#website","url":"https:\/\/mostrafilmfestival.org\/xvi\/br\/","name":"MOSTRA XVI Brazilian Film Festival - Brasil","description":"Filmes brasileiros com consci\u00eancia social.","potentialAction":[{"@type":"SearchAction","target":{"@type":"EntryPoint","urlTemplate":"https:\/\/mostrafilmfestival.org\/xvi\/br\/?s={search_term_string}"},"query-input":{"@type":"PropertyValueSpecification","valueRequired":true,"valueName":"search_term_string"}}],"inLanguage":"pt-BR"}]}},"_links":{"self":[{"href":"https:\/\/mostrafilmfestival.org\/xvi\/br\/wp-json\/wp\/v2\/pages\/3","targetHints":{"allow":["GET"]}}],"collection":[{"href":"https:\/\/mostrafilmfestival.org\/xvi\/br\/wp-json\/wp\/v2\/pages"}],"about":[{"href":"https:\/\/mostrafilmfestival.org\/xvi\/br\/wp-json\/wp\/v2\/types\/page"}],"author":[{"embeddable":true,"href":"https:\/\/mostrafilmfestival.org\/xvi\/br\/wp-json\/wp\/v2\/users\/1"}],"replies":[{"embeddable":true,"href":"https:\/\/mostrafilmfestival.org\/xvi\/br\/wp-json\/wp\/v2\/comments?post=3"}],"version-history":[{"count":1,"href":"https:\/\/mostrafilmfestival.org\/xvi\/br\/wp-json\/wp\/v2\/pages\/3\/revisions"}],"predecessor-version":[{"id":40,"href":"https:\/\/mostrafilmfestival.org\/xvi\/br\/wp-json\/wp\/v2\/pages\/3\/revisions\/40"}],"wp:attachment":[{"href":"https:\/\/mostrafilmfestival.org\/xvi\/br\/wp-json\/wp\/v2\/media?parent=3"}],"curies":[{"name":"wp","href":"https:\/\/api.w.org\/{rel}","templated":true}]}}